{"id":520,"date":"2017-12-23T09:42:56","date_gmt":"2017-12-23T08:42:56","guid":{"rendered":"http:\/\/www.stc-butzbach.de\/wordpress\/?page_id=520"},"modified":"2025-07-14T19:01:08","modified_gmt":"2025-07-14T17:01:08","slug":"training","status":"publish","type":"page","link":"https:\/\/www.stc-butzbach.de\/wordpress\/training\/","title":{"rendered":"Training"},"content":{"rendered":"\n<h2 class=\"wp-block-heading\"><strong>Unser Trainingskonzept<\/strong><\/h2>\n\n\n\n<p>Training bedeutet Einsatz, Struktur und Leidenschaft \u2013 genau das bringt unser Trainerteam mit. Unser Butzbacher Konzept passt sich den <strong>heutigen Lebensrealit\u00e4ten der Kinder<\/strong> an.<\/p>\n\n\n\n<p>Unser Team besteht aus <strong>qualifizierten Trainern<\/strong>, die seit Jahren mit Engagement auf dem Platz stehen. Trotzdem bleibt Bewegung im Team \u2013 neue Gesichter, neue Impulse, neue Energie!<\/p>\n\n\n\n<h3 class=\"wp-block-heading has-small-font-size\"><strong>Spiel, Spa\u00df und Technik<\/strong><\/h3>\n\n\n\n<p>Gerade bei Kindern steht der <strong>Spa\u00df an Bewegung<\/strong> im Vordergrund \u2013 kombiniert mit gezieltem Aufbau von:<\/p>\n\n\n\n<ul class=\"wp-block-list\">\n<li>Koordination<\/li>\n\n\n\n<li>Reaktion<\/li>\n\n\n\n<li>Ausdauer<\/li>\n\n\n\n<li>Schlagtechnik<\/li>\n<\/ul>\n\n\n\n<p>Trotz Einzelsport: Wir f\u00f6rdern das <strong>Wir-Gef\u00fchl<\/strong> \u2013 etwa durch fr\u00fche Integration in Mannschaften.<\/p>\n\n\n\n<h3 class=\"wp-block-heading has-small-font-size\"><strong>Tennis kennt kein Alter<\/strong><\/h3>\n\n\n\n<p>Ob Kind oder Senior: <strong>Tennis ist f\u00fcr alle da<\/strong>. Schon die Kleinsten starten spielerisch mit Schl\u00e4ger und Ball. Und auch im sp\u00e4teren Leben l\u00e4sst sich noch viel Spa\u00df am Spiel entdecken \u2013 ganz ohne Druck.<\/p>\n\n\n\n<hr class=\"wp-block-separator has-alpha-channel-opacity\"\/>\n\n\n\n<p><strong>Lust auf Tennis? Probier\u2019s einfach aus \u2013 wir freuen uns auf dich!<\/strong><br \/><strong>Dein STC-Trainerteam<\/strong><\/p>\n\n\n\n<div class=\"wpcf7 no-js\" id=\"wpcf7-f1660-o1\" lang=\"de-DE\" dir=\"ltr\" data-wpcf7-id=\"1660\">\n<div class=\"screen-reader-response\"><p role=\"status\" aria-live=\"polite\" aria-atomic=\"true\"><\/p> <ul><\/ul><\/div>\n<form action=\"\/wordpress\/wp-json\/wp\/v2\/pages\/520#wpcf7-f1660-o1\" method=\"post\" class=\"wpcf7-form init\" aria-label=\"Kontaktformular\" novalidate=\"novalidate\" data-status=\"init\">\n<fieldset class=\"hidden-fields-container\"><input type=\"hidden\" name=\"_wpcf7\" value=\"1660\" \/><input type=\"hidden\" name=\"_wpcf7_version\" value=\"6.1.5\" \/><input type=\"hidden\" name=\"_wpcf7_locale\" value=\"de_DE\" \/><input type=\"hidden\" name=\"_wpcf7_unit_tag\" value=\"wpcf7-f1660-o1\" \/><input type=\"hidden\" name=\"_wpcf7_container_post\" value=\"0\" \/><input type=\"hidden\" name=\"_wpcf7_posted_data_hash\" value=\"\" \/>\n<\/fieldset>\n<p><label> Dein Name<br \/>\n<span class=\"wpcf7-form-control-wrap\" data-name=\"your-name\"><input size=\"40\" maxlength=\"400\" class=\"wpcf7-form-control wpcf7-text wpcf7-validates-as-required\" autocomplete=\"name\" aria-required=\"true\" aria-invalid=\"false\" value=\"\" type=\"text\" name=\"your-name\" \/><\/span> <\/label>\n<\/p>\n<p><label> Deine E-Mail-Adresse<br \/>\n<span class=\"wpcf7-form-control-wrap\" data-name=\"your-email\"><input size=\"40\" maxlength=\"400\" class=\"wpcf7-form-control wpcf7-email wpcf7-validates-as-required wpcf7-text wpcf7-validates-as-email\" autocomplete=\"email\" aria-required=\"true\" aria-invalid=\"false\" value=\"\" type=\"email\" name=\"your-email\" \/><\/span> <\/label>\n<\/p>\n<p><label> Betreff<br \/>\n<span class=\"wpcf7-form-control-wrap\" data-name=\"your-subject\"><input size=\"40\" maxlength=\"400\" class=\"wpcf7-form-control wpcf7-text wpcf7-validates-as-required\" aria-required=\"true\" aria-invalid=\"false\" value=\"\" type=\"text\" name=\"your-subject\" \/><\/span> <\/label>\n<\/p>\n<p><label> Deine Nachricht (optional)<br \/>\n<span class=\"wpcf7-form-control-wrap\" data-name=\"your-message\"><textarea cols=\"40\" rows=\"10\" maxlength=\"2000\" class=\"wpcf7-form-control wpcf7-textarea\" aria-invalid=\"false\" name=\"your-message\"><\/textarea><\/span> <\/label>\n<\/p>\n<p><input class=\"wpcf7-form-control wpcf7-submit has-spinner\" type=\"submit\" value=\"Senden\" \/>\n<\/p><div class=\"wpcf7-response-output\" aria-hidden=\"true\"><\/div>\n<\/form>\n<\/div>\n\n","protected":false},"excerpt":{"rendered":"<p>Unser Trainingskonzept Training bedeutet Einsatz, Struktur und Leidenschaft \u2013 genau das bringt unser Trainerteam mit. Unser Butzbacher Konzept passt sich den heutigen Lebensrealit\u00e4ten der Kinder an. Unser Team besteht aus qualifizierten Trainern, die seit Jahren mit Engagement auf dem Platz &hellip; <a href=\"https:\/\/www.stc-butzbach.de\/wordpress\/training\/\">Weiterlesen <span class=\"meta-nav\">&rarr;<\/span><\/a><\/p>\n","protected":false},"author":8,"featured_media":0,"parent":0,"menu_order":0,"comment_status":"closed","ping_status":"closed","template":"","meta":{"footnotes":""},"class_list":["post-520","page","type-page","status-publish","hentry"],"_links":{"self":[{"href":"https:\/\/www.stc-butzbach.de\/wordpress\/wp-json\/wp\/v2\/pages\/520","targetHints":{"allow":["GET"]}}],"collection":[{"href":"https:\/\/www.stc-butzbach.de\/wordpress\/wp-json\/wp\/v2\/pages"}],"about":[{"href":"https:\/\/www.stc-butzbach.de\/wordpress\/wp-json\/wp\/v2\/types\/page"}],"author":[{"embeddable":true,"href":"https:\/\/www.stc-butzbach.de\/wordpress\/wp-json\/wp\/v2\/users\/8"}],"replies":[{"embeddable":true,"href":"https:\/\/www.stc-butzbach.de\/wordpress\/wp-json\/wp\/v2\/comments?post=520"}],"version-history":[{"count":9,"href":"https:\/\/www.stc-butzbach.de\/wordpress\/wp-json\/wp\/v2\/pages\/520\/revisions"}],"predecessor-version":[{"id":1661,"href":"https:\/\/www.stc-butzbach.de\/wordpress\/wp-json\/wp\/v2\/pages\/520\/revisions\/1661"}],"wp:attachment":[{"href":"https:\/\/www.stc-butzbach.de\/wordpress\/wp-json\/wp\/v2\/media?parent=520"}],"curies":[{"name":"wp","href":"https:\/\/api.w.org\/{rel}","templated":true}]}}