{"id":987,"date":"2023-03-21T15:13:16","date_gmt":"2023-03-21T14:13:16","guid":{"rendered":"http:\/\/www.stc-butzbach.de\/wordpress\/?page_id=987"},"modified":"2023-05-25T11:52:17","modified_gmt":"2023-05-25T09:52:17","slug":"jugend","status":"publish","type":"page","link":"https:\/\/www.stc-butzbach.de\/wordpress\/jugend\/","title":{"rendered":"Jugend"},"content":{"rendered":"\n<p><strong>U15 2021 sind ungeschlagener Meister<\/strong><\/p>\n\n\n\n<figure class=\"wp-block-image size-full\"><img loading=\"lazy\" decoding=\"async\" width=\"945\" height=\"709\" src=\"https:\/\/www.stc-butzbach.de\/wordpress\/wp-content\/uploads\/2023\/05\/image.png\" alt=\"\" class=\"wp-image-1104\" srcset=\"https:\/\/www.stc-butzbach.de\/wordpress\/wp-content\/uploads\/2023\/05\/image.png 945w, https:\/\/www.stc-butzbach.de\/wordpress\/wp-content\/uploads\/2023\/05\/image-300x225.png 300w, https:\/\/www.stc-butzbach.de\/wordpress\/wp-content\/uploads\/2023\/05\/image-768x576.png 768w, https:\/\/www.stc-butzbach.de\/wordpress\/wp-content\/uploads\/2023\/05\/image-400x300.png 400w\" sizes=\"auto, (max-width: 945px) 100vw, 945px\" \/><\/figure>\n\n\n\n<p>von links: Justus Girg, Sebastian Sammeth, Adam Grabowski, Julian K\u00fchn, Silas Belke<\/p>\n\n\n\n<p><\/p>\n\n\n\n<p><strong>Unsere U12 2018<\/strong><\/p>\n\n\n\n<figure class=\"wp-block-image\"><img loading=\"lazy\" decoding=\"async\" width=\"1024\" height=\"768\" src=\"https:\/\/www.stc-butzbach.de\/wordpress\/wp-content\/uploads\/2023\/03\/U12-2018-1024x768.jpg\" alt=\"\" class=\"wp-image-956\" srcset=\"https:\/\/www.stc-butzbach.de\/wordpress\/wp-content\/uploads\/2023\/03\/U12-2018-1024x768.jpg 1024w, https:\/\/www.stc-butzbach.de\/wordpress\/wp-content\/uploads\/2023\/03\/U12-2018-300x225.jpg 300w, https:\/\/www.stc-butzbach.de\/wordpress\/wp-content\/uploads\/2023\/03\/U12-2018-768x576.jpg 768w, https:\/\/www.stc-butzbach.de\/wordpress\/wp-content\/uploads\/2023\/03\/U12-2018-400x300.jpg 400w, https:\/\/www.stc-butzbach.de\/wordpress\/wp-content\/uploads\/2023\/03\/U12-2018.jpg 1280w\" sizes=\"auto, (max-width: 1024px) 100vw, 1024px\" \/><\/figure>\n\n\n\n<p>Von links nach rechts: Ceyda Gazi, Silas Belke, Karol Banczerowski, Jeremyas Mansfeld, Justus Girg und Julian K\u00fchn<\/p>\n\n\n\n<p><\/p>\n\n\n\n<div class=\"wp-block-group\"><div class=\"wp-block-group__inner-container is-layout-constrained wp-block-group-is-layout-constrained\">\n<p class=\"has-text-align-left\"><strong>Unsere U18 &amp; U14 2016<\/strong><\/p>\n\n\n\n<p class=\"has-text-align-left\">U18 &amp; U14 starten mit neuen Trikots in die Saison 2016<\/p>\n<\/div><\/div>\n\n\n\n<figure class=\"wp-block-image\"><img loading=\"lazy\" decoding=\"async\" width=\"1024\" height=\"768\" src=\"https:\/\/www.stc-butzbach.de\/wordpress\/wp-content\/uploads\/2023\/03\/U14U18-sb-Trikots2016-1024x768.jpg\" alt=\"\" class=\"wp-image-951\" srcset=\"https:\/\/www.stc-butzbach.de\/wordpress\/wp-content\/uploads\/2023\/03\/U14U18-sb-Trikots2016-1024x768.jpg 1024w, https:\/\/www.stc-butzbach.de\/wordpress\/wp-content\/uploads\/2023\/03\/U14U18-sb-Trikots2016-300x225.jpg 300w, https:\/\/www.stc-butzbach.de\/wordpress\/wp-content\/uploads\/2023\/03\/U14U18-sb-Trikots2016-768x576.jpg 768w, https:\/\/www.stc-butzbach.de\/wordpress\/wp-content\/uploads\/2023\/03\/U14U18-sb-Trikots2016-1536x1152.jpg 1536w, https:\/\/www.stc-butzbach.de\/wordpress\/wp-content\/uploads\/2023\/03\/U14U18-sb-Trikots2016-400x300.jpg 400w, https:\/\/www.stc-butzbach.de\/wordpress\/wp-content\/uploads\/2023\/03\/U14U18-sb-Trikots2016.jpg 1632w\" sizes=\"auto, (max-width: 1024px) 100vw, 1024px\" \/><\/figure>\n\n\n\n<p id=\"caption-attachment-271\">STC-Jugend mit Sponsor: Leon Brandstetter, Valentin Haub, Fabian K\u00fchn, Tom Schnorr, Nick Georgi, Bela Biester, Dominik M\u00fcller, Timo Ahrens, Jonas M\u00fcller, Wanja K\u00f6hler, Michael Wolf, Luis Br\u00fcck, Victor Fenski, Erik Hotopp und Lucas Link (v.l.n.r.).<\/p>\n","protected":false},"excerpt":{"rendered":"<p>U15 2021 sind ungeschlagener Meister von links: Justus Girg, Sebastian Sammeth, Adam Grabowski, Julian K\u00fchn, Silas Belke Unsere U12 2018 Von links nach rechts: Ceyda Gazi, Silas Belke, Karol Banczerowski, Jeremyas Mansfeld, Justus Girg und Julian K\u00fchn Unsere U18 &amp; &hellip; <a href=\"https:\/\/www.stc-butzbach.de\/wordpress\/jugend\/\">Weiterlesen <span class=\"meta-nav\">&rarr;<\/span><\/a><\/p>\n","protected":false},"author":8,"featured_media":0,"parent":0,"menu_order":0,"comment_status":"closed","ping_status":"closed","template":"","meta":{"footnotes":""},"class_list":["post-987","page","type-page","status-publish","hentry"],"_links":{"self":[{"href":"https:\/\/www.stc-butzbach.de\/wordpress\/wp-json\/wp\/v2\/pages\/987","targetHints":{"allow":["GET"]}}],"collection":[{"href":"https:\/\/www.stc-butzbach.de\/wordpress\/wp-json\/wp\/v2\/pages"}],"about":[{"href":"https:\/\/www.stc-butzbach.de\/wordpress\/wp-json\/wp\/v2\/types\/page"}],"author":[{"embeddable":true,"href":"https:\/\/www.stc-butzbach.de\/wordpress\/wp-json\/wp\/v2\/users\/8"}],"replies":[{"embeddable":true,"href":"https:\/\/www.stc-butzbach.de\/wordpress\/wp-json\/wp\/v2\/comments?post=987"}],"version-history":[{"count":4,"href":"https:\/\/www.stc-butzbach.de\/wordpress\/wp-json\/wp\/v2\/pages\/987\/revisions"}],"predecessor-version":[{"id":1106,"href":"https:\/\/www.stc-butzbach.de\/wordpress\/wp-json\/wp\/v2\/pages\/987\/revisions\/1106"}],"wp:attachment":[{"href":"https:\/\/www.stc-butzbach.de\/wordpress\/wp-json\/wp\/v2\/media?parent=987"}],"curies":[{"name":"wp","href":"https:\/\/api.w.org\/{rel}","templated":true}]}}